{"id":14579,"date":"2017-12-05T09:06:40","date_gmt":"2017-12-05T09:06:40","guid":{"rendered":"http:\/\/bridge123.qodeinteractive.com\/?page_id=4"},"modified":"2026-01-06T05:45:55","modified_gmt":"2026-01-06T05:45:55","slug":"home","status":"publish","type":"page","link":"https:\/\/duchato.be\/it\/","title":{"rendered":"Home"},"content":{"rendered":"<div class=\"wpb-content-wrapper\"><p>[vc_row css_animation=&#8221;&#8221; row_type=&#8221;row&#8221; use_row_as_full_screen_section=&#8221;no&#8221; type=&#8221;grid&#8221; angled_section=&#8221;no&#8221; text_align=&#8221;left&#8221; background_image_as_pattern=&#8221;without_pattern&#8221; z_index=&#8221;&#8221; css=&#8221;.vc_custom_1512559501091{padding-top: 152px !important;}&#8221;][vc_column offset=&#8221;vc_col-lg-4 vc_col-md-12&#8243;][vc_single_image image=&#8221;14596&#8243; img_size=&#8221;full&#8221; qode_css_animation=&#8221;&#8221;][\/vc_column][vc_column offset=&#8221;vc_col-lg-4 vc_col-md-12&#8243;][vc_empty_space height=&#8221;40px&#8221;][vc_single_image image=&#8221;14598&#8243; img_size=&#8221;full&#8221; qode_css_animation=&#8221;&#8221;][\/vc_column][vc_column offset=&#8221;vc_col-lg-4 vc_col-md-12&#8243;][vc_empty_space height=&#8221;35px&#8221;][vc_empty_space height=&#8221;35px&#8221;][vc_column_text]<\/p>\n<h1>La Breole<\/h1>\n<p>[\/vc_column_text][vc_empty_space height=&#8221;12px&#8221;][vc_separator type=&#8221;small&#8221; position=&#8221;left&#8221; color=&#8221;#000000&#8243; transparency=&#8221;1&#8243; thickness=&#8221;1&#8243; width=&#8221;91&#8243;][vc_empty_space height=&#8221;15px&#8221;][vc_column_text]<\/p>\n<p style=\"text-align: justify;\">La Br\u00e9ole si trova nel sud della Francia, tra Gap e Barcelonnette al Lago di Serre Pon\u00e7on, il pi\u00f9 grande lago in Francia, con numerosi sport acquatici e possibilit\u00e0 di escursioni. Nel villaggio, una piscina riscaldata con solarium. Escursioni a Nizza, Marsiglia, Cuneo, Milano, Monaco, Cannes, Gorges du Verdon, Gap, Embrun, Digne-les-Bains, Barcelonnette sono possibili.<\/p>\n<p>[\/vc_column_text][vc_empty_space height=&#8221;76px&#8221;][\/vc_column][\/vc_row][vc_row css_animation=&#8221;&#8221; row_type=&#8221;row&#8221; use_row_as_full_screen_section=&#8221;no&#8221; type=&#8221;full_width&#8221; angled_section=&#8221;no&#8221; text_align=&#8221;left&#8221; background_image_as_pattern=&#8221;without_pattern&#8221; z_index=&#8221;&#8221;][vc_column][vc_video link=&#8221;https:\/\/www.youtube.com\/watch?v=bD7pDC9ekc8&#8243; el_width=&#8221;80&#8243; align=&#8221;center&#8221;][vc_empty_space height=&#8221;38px&#8221;][\/vc_column][\/vc_row][vc_row row_type=&#8221;parallax&#8221; parallax_content_width=&#8221;full_width&#8221; text_align=&#8221;left&#8221; background_image=&#8221;14787&#8243; full_screen_section_height=&#8221;no&#8221; section_height=&#8221;400&#8243;][vc_column offset=&#8221;vc_hidden-sm vc_hidden-xs&#8221;][\/vc_column][\/vc_row][vc_row css_animation=&#8221;&#8221; row_type=&#8221;row&#8221; use_row_as_full_screen_section=&#8221;no&#8221; type=&#8221;full_width&#8221; angled_section=&#8221;no&#8221; text_align=&#8221;left&#8221; background_image_as_pattern=&#8221;without_pattern&#8221;][vc_column][vc_empty_space height=&#8221;100px&#8221;][\/vc_column][\/vc_row][vc_row css_animation=&#8221;&#8221; row_type=&#8221;row&#8221; use_row_as_full_screen_section=&#8221;no&#8221; type=&#8221;grid&#8221; angled_section=&#8221;no&#8221; text_align=&#8221;left&#8221; background_image_as_pattern=&#8221;without_pattern&#8221; z_index=&#8221;&#8221;][vc_column width=&#8221;1\/2&#8243;][vc_row_inner row_type=&#8221;row&#8221; type=&#8221;full_width&#8221; text_align=&#8221;left&#8221; css_animation=&#8221;&#8221;][vc_column_inner width=&#8221;1\/2&#8243;]<a\n  href=\"http:\/\/www.ubaye.com\/activites-ete\/GR-56-randonnee-pedestre-tour-de-l-ubaye-rando-alpes.html\"\n  class=\"marvelous-link noHover\"\n   target=\"_blank\">\n  <figure class=\"marvelous-hover effect-hover effect-lily ratiooriginal effect-fonts  marvelous_custom_class_95bd07a2a56b23  \">\n        <img decoding=\"async\" src=\"https:\/\/duchato.be\/wp-content\/uploads\/2018\/10\/bergwandelingen.jpg\" alt=\"\"\/>\n    \n    <figcaption>\n      <div class=\"effect-caption\">\n        <div class=\"effect-heading\">\n          <h2>passeggiate <span>in montagna<\/span><\/h2>\n        <\/div>\n\n        <div class=\"effect-description\">\n                    <p class=\"description\">&nbsp;<\/p>\n                  <\/div>\n\n      <\/div>\n    <\/figcaption>\n  <\/figure>\n<\/a>\n[\/vc_column_inner][vc_column_inner width=&#8221;1\/2&#8243;]<a\n  href=\"http:\/\/www.ubaye.com\/activites-ete\/escalade-et-via-ferrata-saint-ours.html\"\n  class=\"marvelous-link noHover\"\n   target=\"_blank\">\n  <figure class=\"marvelous-hover effect-hover effect-lily ratiooriginal effect-fonts  marvelous_custom_class_95bd07a5c56ae6  \">\n        <img decoding=\"async\" src=\"https:\/\/duchato.be\/wp-content\/uploads\/2018\/09\/photo-1503540130927-f730a045483b.jpg\" alt=\"\"\/>\n    \n    <figcaption>\n      <div class=\"effect-caption\">\n        <div class=\"effect-heading\">\n          <h2>rappel <span>alpinismo<\/span><\/h2>\n        <\/div>\n\n        <div class=\"effect-description\">\n                    <p class=\"description\">&nbsp;<\/p>\n                  <\/div>\n\n      <\/div>\n    <\/figcaption>\n  <\/figure>\n<\/a>\n[\/vc_column_inner][\/vc_row_inner][vc_row_inner row_type=&#8221;row&#8221; type=&#8221;full_width&#8221; text_align=&#8221;left&#8221; css_animation=&#8221;&#8221;][vc_column_inner width=&#8221;1\/2&#8243;]<a\n  href=\"https:\/\/www.serreponcon-tourisme.com\/les-demoiselles-coiffees.html\"\n  class=\"marvelous-link noHover\"\n   target=\"_blank\">\n  <figure class=\"marvelous-hover effect-hover effect-lily ratiooriginal effect-fonts  marvelous_custom_class_95bc7315705c31  \">\n        <img decoding=\"async\" src=\"https:\/\/duchato.be\/wp-content\/uploads\/2018\/10\/les-demoiselle-coiff\u00e9e.jpg\" alt=\"\"\/>\n    \n    <figcaption>\n      <div class=\"effect-caption\">\n        <div class=\"effect-heading\">\n          <h2>les demoiselle <span>coiff\u00e9e<\/span><\/h2>\n        <\/div>\n\n        <div class=\"effect-description\">\n                    <p class=\"description\">&nbsp;<\/p>\n                  <\/div>\n\n      <\/div>\n    <\/figcaption>\n  <\/figure>\n<\/a>\n[\/vc_column_inner][vc_column_inner width=&#8221;1\/2&#8243;]<a\n  href=\"http:\/\/www.ubaye.com\/decouvertes\/les-7-cols\/col-de-la-bonette-restefond.html\"\n  class=\"marvelous-link noHover\"\n   target=\"_blank\">\n  <figure class=\"marvelous-hover effect-hover effect-lily ratiooriginal effect-fonts  marvelous_custom_class_105bc730ceef4b5  \">\n        <img decoding=\"async\" src=\"https:\/\/duchato.be\/wp-content\/uploads\/2018\/10\/col_de_la_Bonette.jpg\" alt=\"\"\/>\n    \n    <figcaption>\n      <div class=\"effect-caption\">\n        <div class=\"effect-heading\">\n          <h2>col de la <span>bonnette<\/span><\/h2>\n        <\/div>\n\n        <div class=\"effect-description\">\n                    <p class=\"description\">&nbsp;<\/p>\n                  <\/div>\n\n      <\/div>\n    <\/figcaption>\n  <\/figure>\n<\/a>\n[\/vc_column_inner][\/vc_row_inner][vc_column_text]<\/p>\n<h3 style=\"text-align: center;\"><a href=\"http:\/\/duchato.be\/activiteiten\/\">Pi\u00f9 attivit\u00e0<\/a><\/h3>\n<p>[\/vc_column_text][vc_empty_space height=&#8221;38px&#8221;][\/vc_column][vc_column width=&#8221;1\/2&#8243;][vc_empty_space height=&#8221;10px&#8221;][\/vc_column][\/vc_row][vc_row css_animation=&#8221;&#8221; row_type=&#8221;row&#8221; use_row_as_full_screen_section=&#8221;no&#8221; type=&#8221;grid&#8221; angled_section=&#8221;no&#8221; text_align=&#8221;left&#8221; background_image_as_pattern=&#8221;without_pattern&#8221; z_index=&#8221;&#8221; css=&#8221;.vc_custom_1539783195457{padding-top: 80px !important;}&#8221;][vc_column offset=&#8221;vc_col-lg-4 vc_col-md-12&#8243;][vc_column_text]<\/p>\n<h2>Vacance d&#8217;Inverno<\/h2>\n<p>[\/vc_column_text][vc_empty_space height=&#8221;12px&#8221;][vc_separator type=&#8221;small&#8221; position=&#8221;left&#8221; color=&#8221;#000000&#8243; transparency=&#8221;1&#8243; thickness=&#8221;1&#8243; width=&#8221;91&#8243;][vc_empty_space height=&#8221;15px&#8221;][vc_column_text]<\/p>\n<p style=\"text-align: justify;\">Insieme contro le pendici delle Alpi del Sud, La Br\u00e9ole anche ideale per tranquille vacanze sulla neve.In e intorno La Br\u00e9ole \u00e8 poca neve e le strade sono percorribili le stazioni sciistiche in modo come Praloup, Les Orres, (sia la neve dall&#8217;inizio dicembre a fine aprile), Val d&#8217;Allos, Saint Jean Montclar, Selonnet Chabannon, Vars, St Anne, e numerosi sentieri intorno Gap e Brian\u00e7on sono facilmente accessibili ed \u00e8 a meno di un&#8217;ora di distanza.<\/p>\n<p>[\/vc_column_text][vc_empty_space height=&#8221;38px&#8221;][\/vc_column][vc_column offset=&#8221;vc_col-lg-4 vc_col-md-12&#8243;][vc_empty_space height=&#8221;40px&#8221;][vc_single_image image=&#8221;14793&#8243; img_size=&#8221;full&#8221; qode_css_animation=&#8221;&#8221;][\/vc_column][vc_column offset=&#8221;vc_col-lg-4 vc_col-md-12&#8243;][vc_empty_space height=&#8221;76px&#8221;][vc_single_image image=&#8221;14796&#8243; img_size=&#8221;full&#8221; qode_css_animation=&#8221;&#8221;][vc_empty_space height=&#8221;35px&#8221;][\/vc_column][\/vc_row][vc_row css_animation=&#8221;&#8221; row_type=&#8221;row&#8221; use_row_as_full_screen_section=&#8221;no&#8221; type=&#8221;full_width&#8221; angled_section=&#8221;no&#8221; text_align=&#8221;left&#8221; background_image_as_pattern=&#8221;without_pattern&#8221; css=&#8221;.vc_custom_1512644404944{padding-top: 53px !important;}&#8221; z_index=&#8221;&#8221;][vc_column offset=&#8221;vc_hidden-sm vc_hidden-xs&#8221;]<div class=\"qode-cards-holder\">\n    <div class=\"qode-cards-header cards\">\n\n    <\/div>\n    <div class=\"qode-card-panes\">\n        \n<div class=\"pane card584  navigation-bullets-disabled border-radius no-shadow\">\n        <div class=\"qode-card-slider-holder-outer\" style=\"\">\n        <div class=\"qode-card-slider-holder\" data-card-slide=\"1\"  data-center=\"false\" data-active-middle-slide=\"true\">\n            <div class=\"controls arrows\">\n                <a data-direction=\"prev\" href=\"#\" class=\"button prev qode-type1-gradient-bottom-to-top-text\"><span class=\"arrow_carrot-left\"><\/span><\/a>\n                <a data-direction=\"next\" href=\"#\" class=\"button next qode-type1-gradient-bottom-to-top-text\"><span class=\"arrow_carrot-right\"><\/span><\/a>\n            <\/div>\n\n                        <div class=\"qode-card-slider clearfix\">\n                                    <div class='slide' data-card-slide=\"1\">\n                                                    <img decoding=\"async\" src=\"#\" alt=\"\" class=\"qode-lazy-image\" data-image=\"https:\/\/duchato.be\/wp-content\/uploads\/2018\/10\/home-04b.jpg\" style=\"width:1500px;height:1px\" data-ratio=\"0.54866666666667\" data-lazy=\"true\" \/>\n                                            <\/div>\n                                    <div class='slide' data-card-slide=\"2\">\n                                                    <img decoding=\"async\" src=\"#\" alt=\"\" class=\"qode-lazy-image\" data-image=\"https:\/\/duchato.be\/wp-content\/uploads\/2018\/10\/home-03b.jpg\" style=\"width:1500px;height:1px\" data-ratio=\"0.54866666666667\" data-lazy=\"true\" \/>\n                                            <\/div>\n                                    <div class='slide' data-card-slide=\"3\">\n                                                    <img decoding=\"async\" src=\"#\" alt=\"\" class=\"qode-lazy-image\" data-image=\"https:\/\/duchato.be\/wp-content\/uploads\/2018\/10\/home-02b.jpg\" style=\"width:1500px;height:1px\" data-ratio=\"0.54866666666667\" data-lazy=\"true\" \/>\n                                            <\/div>\n                                    <div class='slide' data-card-slide=\"4\">\n                                                    <img decoding=\"async\" src=\"#\" alt=\"\" class=\"qode-lazy-image\" data-image=\"https:\/\/duchato.be\/wp-content\/uploads\/2018\/10\/home-01b.jpg\" style=\"width:1500px;height:1px\" data-ratio=\"0.54866666666667\" data-lazy=\"true\" \/>\n                                            <\/div>\n                            <\/div>\n        <\/div>\n    <\/div>\n<\/div>\n    <\/div>\n<\/div>[\/vc_column][\/vc_row][vc_row css_animation=&#8221;&#8221; row_type=&#8221;row&#8221; use_row_as_full_screen_section=&#8221;no&#8221; type=&#8221;full_width&#8221; angled_section=&#8221;no&#8221; text_align=&#8221;left&#8221; background_image_as_pattern=&#8221;without_pattern&#8221;][vc_column][vc_column_text]<\/p>\n<p>[\/vc_column_text][\/vc_column][\/vc_row]<\/p>\n<\/div>","protected":false},"excerpt":{"rendered":"<p>[vc_row css_animation=&#8221;&#8221; row_type=&#8221;row&#8221; use_row_as_full_screen_section=&#8221;no&#8221; type=&#8221;grid&#8221; angled_section=&#8221;no&#8221; text_align=&#8221;left&#8221; background_image_as_pattern=&#8221;without_pattern&#8221; z_index=&#8221;&#8221; css=&#8221;.vc_custom_1512559501091{padding-top: 152px !important;}&#8221;][vc_column offset=&#8221;vc_col-lg-4 vc_col-md-12&#8243;][vc_single_image image=&#8221;14596&#8243; img_size=&#8221;full&#8221; qode_css_animation=&#8221;&#8221;][\/vc_column][vc_column offset=&#8221;vc_col-lg-4 vc_col-md-12&#8243;][vc_empty_space height=&#8221;40px&#8221;][vc_single_image image=&#8221;14598&#8243; img_size=&#8221;full&#8221; qode_css_animation=&#8221;&#8221;][\/vc_column][vc_column offset=&#8221;vc_col-lg-4 vc_col-md-12&#8243;][vc_empty_space height=&#8221;35px&#8221;][vc_empty_space height=&#8221;35px&#8221;][vc_column_text] La Breole [\/vc_column_text][vc_empty_space height=&#8221;12px&#8221;][vc_separator type=&#8221;small&#8221; position=&#8221;left&#8221; color=&#8221;#000000&#8243; transparency=&#8221;1&#8243; thickness=&#8221;1&#8243; width=&#8221;91&#8243;][vc_empty_space height=&#8221;15px&#8221;][vc_column_text] La Br\u00e9ole si trova nel sud della&#8230;<\/p>\n","protected":false},"author":1,"featured_media":0,"parent":0,"menu_order":0,"comment_status":"closed","ping_status":"closed","template":"full_width.php","meta":{"footnotes":""},"class_list":["post-14579","page","type-page","status-publish","hentry"],"_links":{"self":[{"href":"https:\/\/duchato.be\/it\/wp-json\/wp\/v2\/pages\/14579","targetHints":{"allow":["GET"]}}],"collection":[{"href":"https:\/\/duchato.be\/it\/wp-json\/wp\/v2\/pages"}],"about":[{"href":"https:\/\/duchato.be\/it\/wp-json\/wp\/v2\/types\/page"}],"author":[{"embeddable":true,"href":"https:\/\/duchato.be\/it\/wp-json\/wp\/v2\/users\/1"}],"replies":[{"embeddable":true,"href":"https:\/\/duchato.be\/it\/wp-json\/wp\/v2\/comments?post=14579"}],"version-history":[{"count":28,"href":"https:\/\/duchato.be\/it\/wp-json\/wp\/v2\/pages\/14579\/revisions"}],"predecessor-version":[{"id":15428,"href":"https:\/\/duchato.be\/it\/wp-json\/wp\/v2\/pages\/14579\/revisions\/15428"}],"wp:attachment":[{"href":"https:\/\/duchato.be\/it\/wp-json\/wp\/v2\/media?parent=14579"}],"curies":[{"name":"wp","href":"https:\/\/api.w.org\/{rel}","templated":true}]}}